{"id":1086,"date":"2024-03-04T08:45:17","date_gmt":"2024-03-04T08:45:17","guid":{"rendered":"https:\/\/artalev2.themegoods.com\/demo3\/?page_id=1086"},"modified":"2025-09-17T21:35:07","modified_gmt":"2025-09-17T21:35:07","slug":"biografia","status":"publish","type":"page","link":"https:\/\/ruthiniesta.com\/en\/biografia\/","title":{"rendered":"Biography"},"content":{"rendered":"\t\t<div data-elementor-type=\"wp-page\" data-elementor-id=\"1086\" class=\"elementor elementor-1086\" data-elementor-post-type=\"page\">\n\t\t\t\t<div class=\"elementor-element elementor-element-3be114a e-flex e-con-boxed e-con e-parent\" data-id=\"3be114a\" data-element_type=\"container\" data-e-type=\"container\" data-settings=\"{&quot;background_background&quot;:&quot;classic&quot;}\">\n\t\t\t\t\t<div class=\"e-con-inner\">\n\t\t\t\t\t<\/div>\n\t\t\t\t<\/div>\n\t\t<div class=\"elementor-element elementor-element-845ffd6 e-flex e-con-boxed e-con e-parent\" data-id=\"845ffd6\" data-element_type=\"container\" data-e-type=\"container\">\n\t\t\t\t\t<div class=\"e-con-inner\">\n\t\t\t\t<div class=\"elementor-element elementor-element-fefd27d elementor-widget-divider--view-line elementor-widget elementor-widget-divider\" data-id=\"fefd27d\" data-element_type=\"widget\" data-e-type=\"widget\" data-widget_type=\"divider.default\">\n\t\t\t\t<div class=\"elementor-widget-container\">\n\t\t\t\t\t\t\t<div class=\"elementor-divider\">\n\t\t\t<span class=\"elementor-divider-separator\">\n\t\t\t\t\t\t<\/span>\n\t\t<\/div>\n\t\t\t\t\t\t<\/div>\n\t\t\t\t<\/div>\n\t\t\t\t<div class=\"elementor-element elementor-element-3e71eaf elementor-widget elementor-widget-heading\" data-id=\"3e71eaf\" data-element_type=\"widget\" data-e-type=\"widget\" data-widget_type=\"heading.default\">\n\t\t\t\t<div class=\"elementor-widget-container\">\n\t\t\t\t\t<h1 class=\"elementor-heading-title elementor-size-default\">Biograf\u00eda<\/h1>\t\t\t\t<\/div>\n\t\t\t\t<\/div>\n\t\t\t\t<div class=\"elementor-element elementor-element-5dc6255 elementor-widget-divider--view-line elementor-widget elementor-widget-divider\" data-id=\"5dc6255\" data-element_type=\"widget\" data-e-type=\"widget\" data-widget_type=\"divider.default\">\n\t\t\t\t<div class=\"elementor-widget-container\">\n\t\t\t\t\t\t\t<div class=\"elementor-divider\">\n\t\t\t<span class=\"elementor-divider-separator\">\n\t\t\t\t\t\t<\/span>\n\t\t<\/div>\n\t\t\t\t\t\t<\/div>\n\t\t\t\t<\/div>\n\t\t\t\t\t<\/div>\n\t\t\t\t<\/div>\n\t\t<div class=\"elementor-element elementor-element-60aa8cd e-flex e-con-boxed e-con e-parent\" data-id=\"60aa8cd\" data-element_type=\"container\" data-e-type=\"container\">\n\t\t\t\t\t<div class=\"e-con-inner\">\n\t\t<div class=\"elementor-element elementor-element-6ee0eeb e-con-full e-flex e-con e-child\" data-id=\"6ee0eeb\" data-element_type=\"container\" data-e-type=\"container\">\n\t\t\t\t<div class=\"elementor-element elementor-element-040a39f elementor-widget elementor-widget-image\" data-id=\"040a39f\" data-element_type=\"widget\" data-e-type=\"widget\" data-settings=\"{&quot;motion_fx_motion_fx_scrolling&quot;:&quot;yes&quot;,&quot;motion_fx_translateX_effect&quot;:&quot;yes&quot;,&quot;motion_fx_translateX_direction&quot;:&quot;negative&quot;,&quot;motion_fx_translateX_affectedRange&quot;:{&quot;unit&quot;:&quot;%&quot;,&quot;size&quot;:&quot;&quot;,&quot;sizes&quot;:{&quot;start&quot;:0,&quot;end&quot;:51}},&quot;_animation&quot;:&quot;none&quot;,&quot;motion_fx_translateX_speed&quot;:{&quot;unit&quot;:&quot;px&quot;,&quot;size&quot;:4,&quot;sizes&quot;:[]},&quot;motion_fx_devices&quot;:[&quot;desktop&quot;,&quot;tablet&quot;,&quot;mobile&quot;]}\" data-widget_type=\"image.default\">\n\t\t\t\t<div class=\"elementor-widget-container\">\n\t\t\t\t\t\t\t\t\t\t\t\t\t\t\t<img fetchpriority=\"high\" decoding=\"async\" width=\"768\" height=\"1152\" src=\"https:\/\/ruthiniesta.com\/wp-content\/uploads\/2025\/08\/PEQ-Q5pS-768x1152.jpeg\" class=\"attachment-medium_large size-medium_large wp-image-5961\" alt=\"\" srcset=\"https:\/\/ruthiniesta.com\/wp-content\/uploads\/2025\/08\/PEQ-Q5pS-768x1152.jpeg 768w, https:\/\/ruthiniesta.com\/wp-content\/uploads\/2025\/08\/PEQ-Q5pS-200x300.jpeg 200w, https:\/\/ruthiniesta.com\/wp-content\/uploads\/2025\/08\/PEQ-Q5pS-683x1024.jpeg 683w, https:\/\/ruthiniesta.com\/wp-content\/uploads\/2025\/08\/PEQ-Q5pS-8x12.jpeg 8w, https:\/\/ruthiniesta.com\/wp-content\/uploads\/2025\/08\/PEQ-Q5pS-440x660.jpeg 440w, https:\/\/ruthiniesta.com\/wp-content\/uploads\/2025\/08\/PEQ-Q5pS.jpeg 800w\" sizes=\"(max-width: 768px) 100vw, 768px\" \/>\t\t\t\t\t\t\t\t\t\t\t\t\t\t\t<\/div>\n\t\t\t\t<\/div>\n\t\t\t\t<\/div>\n\t\t<div class=\"elementor-element elementor-element-8897630 e-con-full e-flex e-con e-child\" data-id=\"8897630\" data-element_type=\"container\" data-e-type=\"container\">\n\t\t\t\t<div class=\"elementor-element elementor-element-3e00c92 elementor-widget elementor-widget-image\" data-id=\"3e00c92\" data-element_type=\"widget\" data-e-type=\"widget\" data-settings=\"{&quot;motion_fx_motion_fx_scrolling&quot;:&quot;yes&quot;,&quot;motion_fx_translateX_effect&quot;:&quot;yes&quot;,&quot;motion_fx_translateX_affectedRange&quot;:{&quot;unit&quot;:&quot;%&quot;,&quot;size&quot;:&quot;&quot;,&quot;sizes&quot;:{&quot;start&quot;:23,&quot;end&quot;:52}},&quot;motion_fx_opacity_effect&quot;:&quot;yes&quot;,&quot;motion_fx_opacity_range&quot;:{&quot;unit&quot;:&quot;%&quot;,&quot;size&quot;:&quot;&quot;,&quot;sizes&quot;:{&quot;start&quot;:22,&quot;end&quot;:54}},&quot;motion_fx_translateX_speed&quot;:{&quot;unit&quot;:&quot;px&quot;,&quot;size&quot;:4,&quot;sizes&quot;:[]},&quot;motion_fx_opacity_direction&quot;:&quot;out-in&quot;,&quot;motion_fx_opacity_level&quot;:{&quot;unit&quot;:&quot;px&quot;,&quot;size&quot;:10,&quot;sizes&quot;:[]},&quot;motion_fx_devices&quot;:[&quot;desktop&quot;,&quot;tablet&quot;,&quot;mobile&quot;]}\" data-widget_type=\"image.default\">\n\t\t\t\t<div class=\"elementor-widget-container\">\n\t\t\t\t\t\t\t\t\t\t\t\t\t\t\t<img decoding=\"async\" width=\"768\" height=\"1066\" src=\"https:\/\/ruthiniesta.com\/wp-content\/uploads\/2025\/07\/bio2-768x1066.webp\" class=\"attachment-medium_large size-medium_large wp-image-5303\" alt=\"\" srcset=\"https:\/\/ruthiniesta.com\/wp-content\/uploads\/2025\/07\/bio2-768x1066.webp 768w, https:\/\/ruthiniesta.com\/wp-content\/uploads\/2025\/07\/bio2-216x300.webp 216w, https:\/\/ruthiniesta.com\/wp-content\/uploads\/2025\/07\/bio2-738x1024.webp 738w, https:\/\/ruthiniesta.com\/wp-content\/uploads\/2025\/07\/bio2-1107x1536.webp 1107w, https:\/\/ruthiniesta.com\/wp-content\/uploads\/2025\/07\/bio2-440x611.webp 440w, https:\/\/ruthiniesta.com\/wp-content\/uploads\/2025\/07\/bio2.webp 1336w\" sizes=\"(max-width: 768px) 100vw, 768px\" \/>\t\t\t\t\t\t\t\t\t\t\t\t\t\t\t<\/div>\n\t\t\t\t<\/div>\n\t\t\t\t<\/div>\n\t\t\t\t\t<\/div>\n\t\t\t\t<\/div>\n\t\t<div class=\"elementor-element elementor-element-52669d7 e-flex e-con-boxed e-con e-parent\" data-id=\"52669d7\" data-element_type=\"container\" data-e-type=\"container\">\n\t\t\t\t\t<div class=\"e-con-inner\">\n\t\t\t\t<div class=\"elementor-element elementor-element-49165d5 elementor-widget elementor-widget-button\" data-id=\"49165d5\" data-element_type=\"widget\" data-e-type=\"widget\" data-widget_type=\"button.default\">\n\t\t\t\t<div class=\"elementor-widget-container\">\n\t\t\t\t\t\t\t\t\t<div class=\"elementor-button-wrapper\">\n\t\t\t\t\t<a class=\"elementor-button elementor-button-link elementor-size-sm\" href=\"https:\/\/www.dropbox.com\/scl\/fo\/vwojcpby789zja4rzmik7\/AFsy0oF4ffOrpCXc_1Rm8O0?rlkey=rjuoz3u1q3zierze3jarkbskz&#038;st=2ub0uu0c&#038;dl=0\" target=\"_blank\">\n\t\t\t\t\t\t<span class=\"elementor-button-content-wrapper\">\n\t\t\t\t\t\t<span class=\"elementor-button-icon\">\n\t\t\t\t<svg aria-hidden=\"true\" class=\"e-font-icon-svg e-fas-long-arrow-alt-right\" viewBox=\"0 0 448 512\" xmlns=\"http:\/\/www.w3.org\/2000\/svg\"><path d=\"M313.941 216H12c-6.627 0-12 5.373-12 12v56c0 6.627 5.373 12 12 12h301.941v46.059c0 21.382 25.851 32.09 40.971 16.971l86.059-86.059c9.373-9.373 9.373-24.569 0-33.941l-86.059-86.059c-15.119-15.119-40.971-4.411-40.971 16.971V216z\"><\/path><\/svg>\t\t\t<\/span>\n\t\t\t\t\t\t\t\t\t<span class=\"elementor-button-text\">Descargar Presskit<\/span>\n\t\t\t\t\t<\/span>\n\t\t\t\t\t<\/a>\n\t\t\t\t<\/div>\n\t\t\t\t\t\t\t\t<\/div>\n\t\t\t\t<\/div>\n\t\t\t\t\t<\/div>\n\t\t\t\t<\/div>\n\t\t<div class=\"elementor-element elementor-element-0a299eb e-flex e-con-boxed e-con e-parent\" data-id=\"0a299eb\" data-element_type=\"container\" data-e-type=\"container\" data-settings=\"{&quot;background_background&quot;:&quot;classic&quot;}\">\n\t\t\t\t\t<div class=\"e-con-inner\">\n\t\t<div class=\"elementor-element elementor-element-bdbdc72 e-con-full e-flex e-con e-child\" data-id=\"bdbdc72\" data-element_type=\"container\" data-e-type=\"container\">\n\t\t\t\t<\/div>\n\t\t<div class=\"elementor-element elementor-element-00fadad e-con-full e-flex e-con e-child\" data-id=\"00fadad\" data-element_type=\"container\" data-e-type=\"container\">\n\t\t\t\t<\/div>\n\t\t\t\t\t<\/div>\n\t\t\t\t<\/div>\n\t\t<div class=\"elementor-element elementor-element-4d1b99e e-con-full e-flex e-con e-parent\" data-id=\"4d1b99e\" data-element_type=\"container\" data-e-type=\"container\" data-settings=\"{&quot;background_background&quot;:&quot;classic&quot;}\">\n\t\t<div class=\"elementor-element elementor-element-4b1664a e-flex e-con-boxed e-con e-child\" data-id=\"4b1664a\" data-element_type=\"container\" data-e-type=\"container\">\n\t\t\t\t\t<div class=\"e-con-inner\">\n\t\t\t\t<div class=\"elementor-element elementor-element-d06660c elementor-widget elementor-widget-text-editor\" data-id=\"d06660c\" data-element_type=\"widget\" data-e-type=\"widget\" data-widget_type=\"text-editor.default\">\n\t\t\t\t<div class=\"elementor-widget-container\">\n\t\t\t\t\t\t\t\t\t<p class=\"CuerpoA\"><span class=\"Ninguno\"><span lang=\"ES-TRAD\">Nombre habitual de los escenarios europeos, entre los \u00e9xitos m\u00e1s recientes de la soprano Ruth Iniesta se encuentran Violetta de <i>La Traviata<\/i> (Gran Teatre del Liceu de Barcelona), Lucia en <i>Lucia di Lammermoor<\/i> (\u00d3pera de Dresde), Aspasia en <i>Mitridate <\/i>(Teatro Real de Madrid), <i>La sonnambula<\/i> (Amina) en la Opera di Roma o <i>Turandot<\/i> (Li\u00fa) en La Monnaie de Bruselas. <\/span><\/span><\/p>\t\t\t\t\t\t\t\t<\/div>\n\t\t\t\t<\/div>\n\t\t\t\t<div class=\"elementor-element elementor-element-80dcb6a elementor-widget elementor-widget-text-editor\" data-id=\"80dcb6a\" data-element_type=\"widget\" data-e-type=\"widget\" data-widget_type=\"text-editor.default\">\n\t\t\t\t<div class=\"elementor-widget-container\">\n\t\t\t\t\t\t\t\t\t<p class=\"CuerpoA\"><span class=\"Ninguno\"><span lang=\"ES-TRAD\">Galardonada con el Premio Campoamor de la L\u00edrica, El Ojo Cr\u00edtico de RNE y el Premio Tal\u00eda 2024 de la Academia de las Artes Esc\u00e9nicas de Espa\u00f1a, su voz tambi\u00e9n se ha disfrutado en la \u00d3pera de Par\u00eds, la \u00d3pera de Viena, el Col\u00f3n de Buenos Aires, la Sydney Opera House, la Staatsoper de Hamburgo, el Teatro San Carlo de N\u00e1poles, el Teatro Real de Madrid, Les Arts de Val\u00e8ncia o la Arena de Verona. <\/span><\/span><\/p>\t\t\t\t\t\t\t\t<\/div>\n\t\t\t\t<\/div>\n\t\t\t\t<div class=\"elementor-element elementor-element-9b83b99 elementor-widget__width-initial elementor-widget elementor-widget-text-editor\" data-id=\"9b83b99\" data-element_type=\"widget\" data-e-type=\"widget\" data-widget_type=\"text-editor.default\">\n\t\t\t\t<div class=\"elementor-widget-container\">\n\t\t\t\t\t\t\t\t\t<p class=\"CuerpoA\"><span class=\"Ninguno\"><span lang=\"ES-TRAD\">Durante su temporada 25-26 abrir\u00e1 la programaci\u00f3n de Les Arts de Val\u00e8ncia con la Margherite de <i>Faust <\/i>(Gounod), regresando tambi\u00e9n a los escenarios de La Monnaie de Bruselas con <i>Benvenuto Cellini<\/i> (Berlioz), Teatro de la Zarzuela con <i>Jugar con fuego<\/i> (Barbieri) o la \u00d3pera de Marseille con <i>Rigoletto <\/i>(Verdi). Este curso debutar\u00e1 en la Royal Opera House de Londres, cantando como Musetta en <i>La boh\u00e8me<\/i> (Puccini). <\/span><\/span><\/p><p class=\"CuerpoA\">Destacada int\u00e9rprete belcantista, ha protagonizado ic\u00f3nicos t\u00edtulos como <span class=\"Ninguno\"><i><span lang=\"ES-TRAD\">Lucia di Lammermoor, L\u2019elisir d\u2019amore <\/span><\/i><\/span>y <span class=\"Ninguno\"><i><span lang=\"ES-TRAD\">Don Pasquale<\/span><\/i><\/span> de Donizetti; <span class=\"Ninguno\"><i><span lang=\"ES-TRAD\">I Puritani, Capuleti e I Montecchi<\/span><\/i><\/span> y la mencionada <span class=\"Ninguno\"><i><span lang=\"ES-TRAD\">Sonnambula<\/span><\/i><\/span> de Bellini, o<span class=\"Ninguno\"><i><span lang=\"ES-TRAD\"> Il barbiere di Siviglia, Il viaggio a Reims<\/span><\/i><\/span> y <span class=\"Ninguno\"><i><span lang=\"ES-TRAD\">Armida<\/span><\/i><\/span> de Rossini. Esta \u00faltima fue grabada en disco por el sello <span class=\"Ninguno\"><span lang=\"ES-TRAD\">Naxos. Clausur\u00f3 la temporada 24\/25 con su debut como Konstanze de <i>El rapto en el serrallo<\/i> en la Op\u00e9ra de Saint-\u00c9tienne, siendo Mozart otro de sus compositores fetiche con t\u00edtulos como <i>Die Zauberfl\u00f6te, Don Giovanni, Mitridate<\/i> o <i>Le nozze di Figaro<\/i>.<\/span><\/span><\/p><p class=\"CuerpoA\"><span class=\"Ninguno\"><span lang=\"ES-TRAD\">A todo ello se han de sumar sus trabajos en t\u00edtulos verdianos como <i>Rigoletto, Falstaff<\/i> o <i>Traviata<\/i>, y puccinianos como <i>La boh\u00e8me, Gianni Schicchi <\/i>o <i>La Rondine<\/i>. Al mismo tiempo y desde los inicios de su carrera, Iniesta ha mostrado un especial cari\u00f1o y reivindicaci\u00f3n de la zarzuela espa\u00f1ola, protagonizando obras como <i>Do\u00f1a Francisquita, La del manojo de rosas, Ch\u00e2teau Margaux<\/i> o <i>Pan y toros<\/i>, entre muchas otras.<\/span><\/span><\/p>\t\t\t\t\t\t\t\t<\/div>\n\t\t\t\t<\/div>\n\t\t\t\t\t<\/div>\n\t\t\t\t<\/div>\n\t\t<div class=\"elementor-element elementor-element-7114847 e-flex e-con-boxed e-con e-child\" data-id=\"7114847\" data-element_type=\"container\" data-e-type=\"container\" data-settings=\"{&quot;background_background&quot;:&quot;classic&quot;}\">\n\t\t\t\t\t<div class=\"e-con-inner\">\n\t\t\t\t\t<\/div>\n\t\t\t\t<\/div>\n\t\t\t\t<\/div>\n\t\t\t\t<\/div>\n\t\t","protected":false},"excerpt":{"rendered":"<p>Biograf\u00eda Descargar Presskit Nombre habitual de los escenarios europeos, entre los \u00e9xitos m\u00e1s recientes de la soprano Ruth Iniesta se encuentran Violetta de La Traviata (Gran Teatre del Liceu de Barcelona), Lucia en Lucia di Lammermoor (\u00d3pera de Dresde), Aspasia en Mitridate (Teatro Real de Madrid), La sonnambula (Amina) en la Opera di Roma o [&hellip;]<\/p>\n","protected":false},"author":1,"featured_media":0,"parent":0,"menu_order":0,"comment_status":"closed","ping_status":"closed","template":"elementor_header_footer","meta":{"_acf_changed":false,"footnotes":""},"class_list":["post-1086","page","type-page","status-publish","hentry"],"acf":[],"yoast_head":"<!-- This site is optimized with the Yoast SEO plugin v27.3 - https:\/\/yoast.com\/product\/yoast-seo-wordpress\/ -->\n<title>Biograf\u00eda - Ruth Iniesta<\/title>\n<meta name=\"robots\" content=\"index, follow, max-snippet:-1, max-image-preview:large, max-video-preview:-1\" \/>\n<link rel=\"canonical\" href=\"https:\/\/ruthiniesta.com\/en\/biografia\/\" \/>\n<meta property=\"og:locale\" content=\"en_GB\" \/>\n<meta property=\"og:type\" content=\"article\" \/>\n<meta property=\"og:title\" content=\"Biograf\u00eda - Ruth Iniesta\" \/>\n<meta property=\"og:description\" content=\"Biograf\u00eda Descargar Presskit Nombre habitual de los escenarios europeos, entre los \u00e9xitos m\u00e1s recientes de la soprano Ruth Iniesta se encuentran Violetta de La Traviata (Gran Teatre del Liceu de Barcelona), Lucia en Lucia di Lammermoor (\u00d3pera de Dresde), Aspasia en Mitridate (Teatro Real de Madrid), La sonnambula (Amina) en la Opera di Roma o [&hellip;]\" \/>\n<meta property=\"og:url\" content=\"https:\/\/ruthiniesta.com\/en\/biografia\/\" \/>\n<meta property=\"og:site_name\" content=\"Ruth Iniesta\" \/>\n<meta property=\"article:modified_time\" content=\"2025-09-17T21:35:07+00:00\" \/>\n<meta property=\"og:image\" content=\"https:\/\/ruthiniesta.com\/wp-content\/uploads\/2025\/08\/PEQ-Q5pS.jpeg\" \/>\n\t<meta property=\"og:image:width\" content=\"800\" \/>\n\t<meta property=\"og:image:height\" content=\"1200\" \/>\n\t<meta property=\"og:image:type\" content=\"image\/jpeg\" \/>\n<meta name=\"twitter:card\" content=\"summary_large_image\" \/>\n<meta name=\"twitter:label1\" content=\"Estimated reading time\" \/>\n\t<meta name=\"twitter:data1\" content=\"2 minutes\" \/>\n<script type=\"application\/ld+json\" class=\"yoast-schema-graph\">{\"@context\":\"https:\\\/\\\/schema.org\",\"@graph\":[{\"@type\":\"WebPage\",\"@id\":\"https:\\\/\\\/ruthiniesta.com\\\/biografia\\\/\",\"url\":\"https:\\\/\\\/ruthiniesta.com\\\/biografia\\\/\",\"name\":\"Biograf\u00eda - Ruth Iniesta\",\"isPartOf\":{\"@id\":\"https:\\\/\\\/ruthiniesta.com\\\/#website\"},\"primaryImageOfPage\":{\"@id\":\"https:\\\/\\\/ruthiniesta.com\\\/biografia\\\/#primaryimage\"},\"image\":{\"@id\":\"https:\\\/\\\/ruthiniesta.com\\\/biografia\\\/#primaryimage\"},\"thumbnailUrl\":\"https:\\\/\\\/ruthiniesta.com\\\/wp-content\\\/uploads\\\/2025\\\/08\\\/PEQ-Q5pS-768x1152.jpeg\",\"datePublished\":\"2024-03-04T08:45:17+00:00\",\"dateModified\":\"2025-09-17T21:35:07+00:00\",\"breadcrumb\":{\"@id\":\"https:\\\/\\\/ruthiniesta.com\\\/biografia\\\/#breadcrumb\"},\"inLanguage\":\"en-GB\",\"potentialAction\":[{\"@type\":\"ReadAction\",\"target\":[\"https:\\\/\\\/ruthiniesta.com\\\/biografia\\\/\"]}]},{\"@type\":\"ImageObject\",\"inLanguage\":\"en-GB\",\"@id\":\"https:\\\/\\\/ruthiniesta.com\\\/biografia\\\/#primaryimage\",\"url\":\"https:\\\/\\\/ruthiniesta.com\\\/wp-content\\\/uploads\\\/2025\\\/08\\\/PEQ-Q5pS-768x1152.jpeg\",\"contentUrl\":\"https:\\\/\\\/ruthiniesta.com\\\/wp-content\\\/uploads\\\/2025\\\/08\\\/PEQ-Q5pS-768x1152.jpeg\"},{\"@type\":\"BreadcrumbList\",\"@id\":\"https:\\\/\\\/ruthiniesta.com\\\/biografia\\\/#breadcrumb\",\"itemListElement\":[{\"@type\":\"ListItem\",\"position\":1,\"name\":\"Portada\",\"item\":\"https:\\\/\\\/ruthiniesta.com\\\/\"},{\"@type\":\"ListItem\",\"position\":2,\"name\":\"Biograf\u00eda\"}]},{\"@type\":\"WebSite\",\"@id\":\"https:\\\/\\\/ruthiniesta.com\\\/#website\",\"url\":\"https:\\\/\\\/ruthiniesta.com\\\/\",\"name\":\"Ruth Iniesta\",\"description\":\"Soprano\",\"publisher\":{\"@id\":\"https:\\\/\\\/ruthiniesta.com\\\/#\\\/schema\\\/person\\\/1aecefaa21450c908d155eb0ba8036e1\"},\"potentialAction\":[{\"@type\":\"SearchAction\",\"target\":{\"@type\":\"EntryPoint\",\"urlTemplate\":\"https:\\\/\\\/ruthiniesta.com\\\/?s={search_term_string}\"},\"query-input\":{\"@type\":\"PropertyValueSpecification\",\"valueRequired\":true,\"valueName\":\"search_term_string\"}}],\"inLanguage\":\"en-GB\"},{\"@type\":[\"Person\",\"Organization\"],\"@id\":\"https:\\\/\\\/ruthiniesta.com\\\/#\\\/schema\\\/person\\\/1aecefaa21450c908d155eb0ba8036e1\",\"name\":\"Ruth Iniesta\",\"image\":{\"@type\":\"ImageObject\",\"inLanguage\":\"en-GB\",\"@id\":\"https:\\\/\\\/ruthiniesta.com\\\/wp-content\\\/uploads\\\/2025\\\/08\\\/cropped-Favicon-Ruth-Iniesta-3.webp\",\"url\":\"https:\\\/\\\/ruthiniesta.com\\\/wp-content\\\/uploads\\\/2025\\\/08\\\/cropped-Favicon-Ruth-Iniesta-3.webp\",\"contentUrl\":\"https:\\\/\\\/ruthiniesta.com\\\/wp-content\\\/uploads\\\/2025\\\/08\\\/cropped-Favicon-Ruth-Iniesta-3.webp\",\"width\":512,\"height\":512,\"caption\":\"Ruth Iniesta\"},\"logo\":{\"@id\":\"https:\\\/\\\/ruthiniesta.com\\\/wp-content\\\/uploads\\\/2025\\\/08\\\/cropped-Favicon-Ruth-Iniesta-3.webp\"},\"sameAs\":[\"https:\\\/\\\/www.instagram.com\\\/ruth_iniesta\\\/?hl=es\",\"https:\\\/\\\/www.youtube.com\\\/user\\\/ruthiniestasoprano\"]}]}<\/script>\n<!-- \/ Yoast SEO plugin. -->","yoast_head_json":{"title":"Biograf\u00eda - Ruth Iniesta","robots":{"index":"index","follow":"follow","max-snippet":"max-snippet:-1","max-image-preview":"max-image-preview:large","max-video-preview":"max-video-preview:-1"},"canonical":"https:\/\/ruthiniesta.com\/en\/biografia\/","og_locale":"en_GB","og_type":"article","og_title":"Biograf\u00eda - Ruth Iniesta","og_description":"Biograf\u00eda Descargar Presskit Nombre habitual de los escenarios europeos, entre los \u00e9xitos m\u00e1s recientes de la soprano Ruth Iniesta se encuentran Violetta de La Traviata (Gran Teatre del Liceu de Barcelona), Lucia en Lucia di Lammermoor (\u00d3pera de Dresde), Aspasia en Mitridate (Teatro Real de Madrid), La sonnambula (Amina) en la Opera di Roma o [&hellip;]","og_url":"https:\/\/ruthiniesta.com\/en\/biografia\/","og_site_name":"Ruth Iniesta","article_modified_time":"2025-09-17T21:35:07+00:00","og_image":[{"width":800,"height":1200,"url":"https:\/\/ruthiniesta.com\/wp-content\/uploads\/2025\/08\/PEQ-Q5pS.jpeg","type":"image\/jpeg"}],"twitter_card":"summary_large_image","twitter_misc":{"Estimated reading time":"2 minutes"},"schema":{"@context":"https:\/\/schema.org","@graph":[{"@type":"WebPage","@id":"https:\/\/ruthiniesta.com\/biografia\/","url":"https:\/\/ruthiniesta.com\/biografia\/","name":"Biograf\u00eda - Ruth Iniesta","isPartOf":{"@id":"https:\/\/ruthiniesta.com\/#website"},"primaryImageOfPage":{"@id":"https:\/\/ruthiniesta.com\/biografia\/#primaryimage"},"image":{"@id":"https:\/\/ruthiniesta.com\/biografia\/#primaryimage"},"thumbnailUrl":"https:\/\/ruthiniesta.com\/wp-content\/uploads\/2025\/08\/PEQ-Q5pS-768x1152.jpeg","datePublished":"2024-03-04T08:45:17+00:00","dateModified":"2025-09-17T21:35:07+00:00","breadcrumb":{"@id":"https:\/\/ruthiniesta.com\/biografia\/#breadcrumb"},"inLanguage":"en-GB","potentialAction":[{"@type":"ReadAction","target":["https:\/\/ruthiniesta.com\/biografia\/"]}]},{"@type":"ImageObject","inLanguage":"en-GB","@id":"https:\/\/ruthiniesta.com\/biografia\/#primaryimage","url":"https:\/\/ruthiniesta.com\/wp-content\/uploads\/2025\/08\/PEQ-Q5pS-768x1152.jpeg","contentUrl":"https:\/\/ruthiniesta.com\/wp-content\/uploads\/2025\/08\/PEQ-Q5pS-768x1152.jpeg"},{"@type":"BreadcrumbList","@id":"https:\/\/ruthiniesta.com\/biografia\/#breadcrumb","itemListElement":[{"@type":"ListItem","position":1,"name":"Portada","item":"https:\/\/ruthiniesta.com\/"},{"@type":"ListItem","position":2,"name":"Biograf\u00eda"}]},{"@type":"WebSite","@id":"https:\/\/ruthiniesta.com\/#website","url":"https:\/\/ruthiniesta.com\/","name":"Ruth Iniesta","description":"Soprano","publisher":{"@id":"https:\/\/ruthiniesta.com\/#\/schema\/person\/1aecefaa21450c908d155eb0ba8036e1"},"potentialAction":[{"@type":"SearchAction","target":{"@type":"EntryPoint","urlTemplate":"https:\/\/ruthiniesta.com\/?s={search_term_string}"},"query-input":{"@type":"PropertyValueSpecification","valueRequired":true,"valueName":"search_term_string"}}],"inLanguage":"en-GB"},{"@type":["Person","Organization"],"@id":"https:\/\/ruthiniesta.com\/#\/schema\/person\/1aecefaa21450c908d155eb0ba8036e1","name":"Ruth Iniesta","image":{"@type":"ImageObject","inLanguage":"en-GB","@id":"https:\/\/ruthiniesta.com\/wp-content\/uploads\/2025\/08\/cropped-Favicon-Ruth-Iniesta-3.webp","url":"https:\/\/ruthiniesta.com\/wp-content\/uploads\/2025\/08\/cropped-Favicon-Ruth-Iniesta-3.webp","contentUrl":"https:\/\/ruthiniesta.com\/wp-content\/uploads\/2025\/08\/cropped-Favicon-Ruth-Iniesta-3.webp","width":512,"height":512,"caption":"Ruth Iniesta"},"logo":{"@id":"https:\/\/ruthiniesta.com\/wp-content\/uploads\/2025\/08\/cropped-Favicon-Ruth-Iniesta-3.webp"},"sameAs":["https:\/\/www.instagram.com\/ruth_iniesta\/?hl=es","https:\/\/www.youtube.com\/user\/ruthiniestasoprano"]}]}},"_links":{"self":[{"href":"https:\/\/ruthiniesta.com\/en\/wp-json\/wp\/v2\/pages\/1086","targetHints":{"allow":["GET"]}}],"collection":[{"href":"https:\/\/ruthiniesta.com\/en\/wp-json\/wp\/v2\/pages"}],"about":[{"href":"https:\/\/ruthiniesta.com\/en\/wp-json\/wp\/v2\/types\/page"}],"author":[{"embeddable":true,"href":"https:\/\/ruthiniesta.com\/en\/wp-json\/wp\/v2\/users\/1"}],"replies":[{"embeddable":true,"href":"https:\/\/ruthiniesta.com\/en\/wp-json\/wp\/v2\/comments?post=1086"}],"version-history":[{"count":95,"href":"https:\/\/ruthiniesta.com\/en\/wp-json\/wp\/v2\/pages\/1086\/revisions"}],"predecessor-version":[{"id":6237,"href":"https:\/\/ruthiniesta.com\/en\/wp-json\/wp\/v2\/pages\/1086\/revisions\/6237"}],"wp:attachment":[{"href":"https:\/\/ruthiniesta.com\/en\/wp-json\/wp\/v2\/media?parent=1086"}],"curies":[{"name":"wp","href":"https:\/\/api.w.org\/{rel}","templated":true}]}}